{"id":8,"date":"2024-05-01T03:15:08","date_gmt":"2024-05-01T03:15:08","guid":{"rendered":"https:\/\/emagrecedor.wsihost.com.br\/?page_id=8"},"modified":"2024-05-02T02:37:49","modified_gmt":"2024-05-02T02:37:49","slug":"projeto-14-dias","status":"publish","type":"page","link":"https:\/\/emagrecedor.wsihost.com.br\/","title":{"rendered":"Projeto 14 dias"},"content":{"rendered":"<p>[et_pb_section fb_built=&#8221;1&#8243; _builder_version=&#8221;4.25.0&#8243; _module_preset=&#8221;default&#8221; background_color=&#8221;#222222&#8243; custom_margin=&#8221;0px||0px||true|false&#8221; custom_padding=&#8221;0px||100px||false|false&#8221; global_colors_info=&#8221;{}&#8221;][et_pb_row _builder_version=&#8221;4.25.0&#8243; _module_preset=&#8221;default&#8221; use_background_color_gradient=&#8221;on&#8221; background_color_gradient_type=&#8221;circular&#8221; background_color_gradient_stops=&#8221;rgba(224,43,32,0.37) 0%|rgba(255,255,255,0) 60%|rgba(255,255,255,0) 100%&#8221; width_tablet=&#8221;&#8221; width_phone=&#8221;100%&#8221; width_last_edited=&#8221;on|phone&#8221; custom_margin=&#8221;0px||0px||true|false&#8221; custom_padding=&#8221;61px||10px||false|false&#8221; global_colors_info=&#8221;{}&#8221;][et_pb_column type=&#8221;4_4&#8243; _builder_version=&#8221;4.16&#8243; _module_preset=&#8221;default&#8221; global_colors_info=&#8221;{}&#8221;][dsm_gradient_text gradient_text=&#8221;EMAGRE\u00c7A EM 14 DIAS&#8221; _builder_version=&#8221;4.25.0&#8243; _module_preset=&#8221;default&#8221; header_font=&#8221;Montserrat|700||on|||||&#8221; header_text_align=&#8221;center&#8221; header_font_size=&#8221;50px&#8221; background_color_gradient_direction=&#8221;90deg&#8221; background_color_gradient_stops=&#8221;#fc9496 0%|#fccfcc 100%&#8221; width_tablet=&#8221;&#8221; width_phone=&#8221;80%&#8221; width_last_edited=&#8221;on|phone&#8221; module_alignment=&#8221;center&#8221; header_font_size_tablet=&#8221;50px&#8221; header_font_size_phone=&#8221;41px&#8221; header_font_size_last_edited=&#8221;on|phone&#8221; header_line_height_tablet=&#8221;&#8221; header_line_height_phone=&#8221;1.3em&#8221; header_line_height_last_edited=&#8221;on|phone&#8221; header_text_shadow_style=&#8221;preset3&#8243; header_text_shadow_color=&#8221;#E02B20&#8243; text_shadow_style=&#8221;preset3&#8243; text_shadow_color=&#8221;#E02B20&#8243; global_colors_info=&#8221;{}&#8221;][\/dsm_gradient_text][dsm_typing_effect typing_effect=&#8221;Assista o v\u00eddeo para saber como \u00e9 simples&#8221; before_new_line=&#8221;off&#8221; after_new_line=&#8221;on&#8221; typing_loop=&#8221;off&#8221; typing_cursor=&#8221; &#8221; admin_label=&#8221;Supreme Typing&#8221; _builder_version=&#8221;4.25.0&#8243; _module_preset=&#8221;default&#8221; header_font=&#8221;Montserrat||||||||&#8221; header_text_align=&#8221;center&#8221; header_text_color=&#8221;#FFFFFF&#8221; typing_text_align=&#8221;center&#8221; after_font=&#8221;Montserrat||||||||&#8221; after_text_align=&#8221;center&#8221; after_text_color=&#8221;#FFFFFF&#8221; after_line_height=&#8221;1.4em&#8221; width=&#8221;80%&#8221; max_width=&#8221;80%&#8221; module_alignment=&#8221;center&#8221; custom_margin=&#8221;0px||0px||true|false&#8221; custom_padding=&#8221;0px||5px||false|false&#8221; header_font_size_tablet=&#8221;&#8221; header_font_size_phone=&#8221;25px&#8221; header_font_size_last_edited=&#8221;on|phone&#8221; global_colors_info=&#8221;{}&#8221;][\/dsm_typing_effect][et_pb_text disabled_on=&#8221;off|off|off&#8221; _builder_version=&#8221;4.25.0&#8243; _module_preset=&#8221;default&#8221; text_font=&#8221;Montserrat|300|||||||&#8221; text_text_color=&#8221;#FFFFFF&#8221; text_font_size=&#8221;20px&#8221; custom_margin=&#8221;0px||0px||true|false&#8221; custom_padding=&#8221;0px||30px||false|false&#8221; text_font_size_tablet=&#8221;20px&#8221; text_font_size_phone=&#8221;14px&#8221; text_font_size_last_edited=&#8221;on|phone&#8221; global_colors_info=&#8221;{}&#8221;]<\/p>\n<div id=\"op3-element-W6Fc4WJd\" class=\"op3-element \" data-op3-uuid=\"W6Fc4WJd\" data-op3-gid=\"\" data-op3-element-type=\"text\" data-op3-element-spec=\"\" data-op3-element-caption=\"Text Editor #W6Fc4WJd\" data-op-visibility-hidden=\"0\" data-op-element-hidden=\"0\" data-op3-style-id=\"\" data-op3-has-children=\"0\">\n<div class=\"op3-text-wrapper\">\n<div data-op3-contenteditable=\"\">\n<p style=\"text-align: center;\">Dispon\u00edvel por tempo limitado!<\/p>\n<\/div>\n<\/div>\n<\/div>\n<p>[\/et_pb_text][et_pb_code admin_label=&#8221;C\u00f3digo&#8221; _builder_version=&#8221;4.25.0&#8243; _module_preset=&#8221;default&#8221; global_colors_info=&#8221;{}&#8221;]<\/p>\n<div id=\"vid_662d3c3501dc96000b8a7755\" style=\"position:relative;width:100%;padding: 56.25% 0 0;\"> <img decoding=\"async\" id=\"thumb_662d3c3501dc96000b8a7755\" src=\"https:\/\/images.converteai.net\/2246730e-7e27-4dc0-9232-83f72376ffac\/players\/662d3c3501dc96000b8a7755\/thumbnail.jpg\" style=\"position:absolute;top:0;left:0;width:100%;height:100%;object-fit:cover;display:block;\"> <\/p>\n<div id=\"backdrop_662d3c3501dc96000b8a7755\" style=\"position:absolute;top:0;width:100%;height:100%;-webkit-backdrop-filter:blur(5px);backdrop-filter:blur(5px);\"><\/div>\n<\/p><\/div>\n<p> <script type=\"text\/javascript\" id=\"scr_662d3c3501dc96000b8a7755\"> var s=document.createElement(\"script\"); s.src=\"https:\/\/scripts.converteai.net\/2246730e-7e27-4dc0-9232-83f72376ffac\/players\/662d3c3501dc96000b8a7755\/player.js\", s.async=!0,document.head.appendChild(s); <\/script> <\/p>\n<style> .elementor-element:has(#smartplayer) { width: 100%; } <\/style>\n<p>[\/et_pb_code][et_pb_button button_url=&#8221;https:\/\/pay.kirvano.com\/ceff8d37-45d0-4bd4-9470-0dd8d3c3387c&#8221; button_text=&#8221;Quero transformar minha vida&#8221; button_alignment=&#8221;center&#8221; module_id=&#8221;esconder&#8221; module_class=&#8221;esconder&#8221; _builder_version=&#8221;4.25.0&#8243; _module_preset=&#8221;default&#8221; custom_button=&#8221;on&#8221; button_text_size=&#8221;30px&#8221; button_text_color=&#8221;#FFFFFF&#8221; button_bg_color=&#8221;#7CDA24&#8243; button_border_color=&#8221;#7CDA24&#8243; button_font=&#8221;Montserrat|500|||||||&#8221; button_icon=&#8221;&#xf091;||fa||900&#8243; custom_margin=&#8221;30px|10%||10%|false|true&#8221; button_text_size_tablet=&#8221;30px&#8221; button_text_size_phone=&#8221;16px&#8221; button_text_size_last_edited=&#8221;on|phone&#8221; custom_css_free_form=&#8221;#esconder { ||\tdisplay: none; ||}&#8221; box_shadow_style=&#8221;preset1&#8243; box_shadow_color=&#8221;rgba(114,114,114,0.48)&#8221; global_colors_info=&#8221;{}&#8221;][\/et_pb_button][\/et_pb_column][\/et_pb_row][et_pb_row _builder_version=&#8221;4.25.0&#8243; _module_preset=&#8221;default&#8221; width=&#8221;90%&#8221; global_colors_info=&#8221;{}&#8221;][et_pb_column type=&#8221;4_4&#8243; _builder_version=&#8221;4.25.0&#8243; _module_preset=&#8221;default&#8221; global_colors_info=&#8221;{}&#8221;][et_pb_text _builder_version=&#8221;4.25.0&#8243; _module_preset=&#8221;default&#8221; text_font=&#8221;Montserrat|700||on|||||&#8221; text_text_color=&#8221;#FFFFFF&#8221; text_font_size=&#8221;20px&#8221; text_orientation=&#8221;center&#8221; text_font_size_tablet=&#8221;20px&#8221; text_font_size_phone=&#8221;13px&#8221; text_font_size_last_edited=&#8221;on|phone&#8221; global_colors_info=&#8221;{}&#8221;]<\/p>\n<p>Experimente este m\u00e9todo incr\u00edvel<br \/>e veja sua vida mudar<\/p>\n<p>[\/et_pb_text][et_pb_text _builder_version=&#8221;4.25.0&#8243; _module_preset=&#8221;default&#8221; text_font=&#8221;Montserrat|700||on|||||&#8221; text_text_color=&#8221;#7CDA24&#8243; text_font_size=&#8221;20px&#8221; text_orientation=&#8221;center&#8221; global_colors_info=&#8221;{}&#8221;]<\/p>\n<p>veja alguns dos benef\u00edcios :<\/p>\n<p>[\/et_pb_text][dsm_icon_list icon_color=&#8221;#7CDA24&#8243; list_alignment=&#8221;center&#8221; _builder_version=&#8221;4.25.0&#8243; _module_preset=&#8221;default&#8221; text_text_color=&#8221;#FFFFFF&#8221; border_color_all_icon=&#8221;#7CDA24&#8243; global_colors_info=&#8221;{}&#8221;][dsm_icon_list_child text=&#8221;Perca de peso&#8221; font_icon=&#8221;&#xf111;||fa||900&#8243; icon_color=&#8221;#FFFFFF&#8221; icon_font_size=&#8221;7px&#8221; _builder_version=&#8221;4.25.0&#8243; _module_preset=&#8221;default&#8221; text_font=&#8221;Montserrat|600||on|||||&#8221; text_text_color=&#8221;#FFFFFF&#8221; text_font_size=&#8221;16px&#8221; global_colors_info=&#8221;{}&#8221;][\/dsm_icon_list_child][dsm_icon_list_child text=&#8221;Desintoxica\u00e7\u00e3o&#8221; font_icon=&#8221;&#xf111;||fa||900&#8243; icon_color=&#8221;#FFFFFF&#8221; icon_font_size=&#8221;7px&#8221; _builder_version=&#8221;4.25.0&#8243; _module_preset=&#8221;default&#8221; text_font=&#8221;Montserrat|600||on|||||&#8221; text_text_color=&#8221;#FFFFFF&#8221; text_font_size=&#8221;16px&#8221; global_colors_info=&#8221;{}&#8221;][\/dsm_icon_list_child][dsm_icon_list_child text=&#8221;hidrata\u00e7\u00e3o&#8221; font_icon=&#8221;&#xf111;||fa||900&#8243; icon_color=&#8221;#FFFFFF&#8221; icon_font_size=&#8221;7px&#8221; _builder_version=&#8221;4.25.0&#8243; _module_preset=&#8221;default&#8221; text_font=&#8221;Montserrat|600||on|||||&#8221; text_text_color=&#8221;#FFFFFF&#8221; text_font_size=&#8221;16px&#8221; global_colors_info=&#8221;{}&#8221;][\/dsm_icon_list_child][dsm_icon_list_child text=&#8221;aporte de nutrientes&#8221; font_icon=&#8221;&#xf111;||fa||900&#8243; icon_color=&#8221;#FFFFFF&#8221; icon_font_size=&#8221;7px&#8221; _builder_version=&#8221;4.25.0&#8243; _module_preset=&#8221;default&#8221; text_font=&#8221;Montserrat|600||on|||||&#8221; text_text_color=&#8221;#FFFFFF&#8221; text_font_size=&#8221;16px&#8221; global_colors_info=&#8221;{}&#8221;][\/dsm_icon_list_child][dsm_icon_list_child text=&#8221;aumento da energia&#8221; font_icon=&#8221;&#xf111;||fa||900&#8243; icon_color=&#8221;#FFFFFF&#8221; icon_font_size=&#8221;7px&#8221; _builder_version=&#8221;4.25.0&#8243; _module_preset=&#8221;default&#8221; text_font=&#8221;Montserrat|600||on|||||&#8221; text_text_color=&#8221;#FFFFFF&#8221; text_font_size=&#8221;16px&#8221; global_colors_info=&#8221;{}&#8221;][\/dsm_icon_list_child][dsm_icon_list_child text=&#8221;Melhora da imunidade&#8221; font_icon=&#8221;&#xf111;||fa||900&#8243; icon_color=&#8221;#FFFFFF&#8221; icon_font_size=&#8221;7px&#8221; _builder_version=&#8221;4.25.0&#8243; _module_preset=&#8221;default&#8221; text_font=&#8221;Montserrat|600||on|||||&#8221; text_text_color=&#8221;#FFFFFF&#8221; text_font_size=&#8221;16px&#8221; global_colors_info=&#8221;{}&#8221;][\/dsm_icon_list_child][dsm_icon_list_child text=&#8221;Redu\u00e7\u00e3o da inflama\u00e7\u00e3o&#8221; font_icon=&#8221;&#xf111;||fa||900&#8243; icon_color=&#8221;#FFFFFF&#8221; icon_font_size=&#8221;7px&#8221; _builder_version=&#8221;4.25.0&#8243; _module_preset=&#8221;default&#8221; text_font=&#8221;Montserrat|600||on|||||&#8221; text_text_color=&#8221;#FFFFFF&#8221; text_font_size=&#8221;16px&#8221; global_colors_info=&#8221;{}&#8221;][\/dsm_icon_list_child][dsm_icon_list_child text=&#8221;Facilidade de preparo&#8221; font_icon=&#8221;&#xf111;||fa||900&#8243; icon_color=&#8221;#FFFFFF&#8221; icon_font_size=&#8221;7px&#8221; _builder_version=&#8221;4.25.0&#8243; _module_preset=&#8221;default&#8221; text_font=&#8221;Montserrat|600||on|||||&#8221; text_text_color=&#8221;#FFFFFF&#8221; text_font_size=&#8221;16px&#8221; global_colors_info=&#8221;{}&#8221;][\/dsm_icon_list_child][\/dsm_icon_list][\/et_pb_column][\/et_pb_row][et_pb_row column_structure=&#8221;1_2,1_2&#8243; make_equal=&#8221;on&#8221; _builder_version=&#8221;4.25.0&#8243; _module_preset=&#8221;default&#8221; border_width_top=&#8221;2px&#8221; border_width_top_tablet=&#8221;2px&#8221; border_width_top_phone=&#8221;0px&#8221; border_width_top_last_edited=&#8221;on|phone&#8221; global_colors_info=&#8221;{}&#8221;][et_pb_column type=&#8221;1_2&#8243; _builder_version=&#8221;4.25.0&#8243; _module_preset=&#8221;default&#8221; global_colors_info=&#8221;{}&#8221;][et_pb_image src=&#8221;https:\/\/emagrecedor.wsihost.com.br\/wp-content\/uploads\/2024\/05\/imagens-de-7-dias-de-garantia-png-1-300&#215;293-1.png&#8221; title_text=&#8221;imagens-de-7-dias-de-garantia-png-1-300&#215;293&#8243; align_tablet=&#8221;&#8221; align_phone=&#8221;center&#8221; align_last_edited=&#8221;on|phone&#8221; _builder_version=&#8221;4.25.0&#8243; _module_preset=&#8221;default&#8221; width_tablet=&#8221;&#8221; width_phone=&#8221;50%&#8221; width_last_edited=&#8221;on|phone&#8221; global_colors_info=&#8221;{}&#8221;][\/et_pb_image][\/et_pb_column][et_pb_column type=&#8221;1_2&#8243; _builder_version=&#8221;4.25.0&#8243; _module_preset=&#8221;default&#8221; custom_css_main_element=&#8221;display: flex;||flex-direction: column;||justify-content:center;&#8221; global_colors_info=&#8221;{}&#8221;][et_pb_text _builder_version=&#8221;4.25.0&#8243; _module_preset=&#8221;default&#8221; text_font=&#8221;Montserrat|700||on|||||&#8221; text_text_color=&#8221;#FFFFFF&#8221; text_font_size=&#8221;20px&#8221; text_orientation=&#8221;center&#8221; custom_margin=&#8221;0px||0px||true|false&#8221; custom_padding=&#8221;0px||15px||false|false&#8221; text_font_size_tablet=&#8221;20px&#8221; text_font_size_phone=&#8221;16px&#8221; text_font_size_last_edited=&#8221;on|phone&#8221; global_colors_info=&#8221;{}&#8221;]<\/p>\n<p>GARANTIA TOTAL!<\/p>\n<p>[\/et_pb_text][et_pb_text _builder_version=&#8221;4.25.0&#8243; _module_preset=&#8221;default&#8221; text_font=&#8221;Montserrat||||||||&#8221; text_text_color=&#8221;#FFFFFF&#8221; text_font_size=&#8221;20px&#8221; hover_enabled=&#8221;0&#8243; text_font_size_tablet=&#8221;20px&#8221; text_font_size_phone=&#8221;13px&#8221; text_font_size_last_edited=&#8221;on|phone&#8221; global_colors_info=&#8221;{}&#8221; text_orientation_last_edited=&#8221;on|phone&#8221; text_orientation_phone=&#8221;justified&#8221; sticky_enabled=&#8221;0&#8243;]<\/p>\n<p>Prazo de garantia total de 7 dias com satisfa\u00e7\u00e3o garantida *geralmente significa que, ap\u00f3s a compra de um produto ou servi\u00e7o, o consumidor tem um per\u00edodo de sete dias para testar, usar ou avaliar o item.<\/p>\n<p>[\/et_pb_text][\/et_pb_column][\/et_pb_row][et_pb_row custom_padding_last_edited=&#8221;on|phone&#8221; _builder_version=&#8221;4.25.0&#8243; _module_preset=&#8221;default&#8221; custom_padding=&#8221;50px||||false|false&#8221; custom_padding_tablet=&#8221;50px||||false|false&#8221; custom_padding_phone=&#8221;20px||||false|false&#8221; global_colors_info=&#8221;{}&#8221;][et_pb_column type=&#8221;4_4&#8243; _builder_version=&#8221;4.25.0&#8243; _module_preset=&#8221;default&#8221; global_colors_info=&#8221;{}&#8221;][et_pb_image src=&#8221;https:\/\/emagrecedor.wsihost.com.br\/wp-content\/uploads\/2024\/05\/compra_protegida_branco-1.png&#8221; title_text=&#8221;compra_protegida_branco (1)&#8221; align=&#8221;center&#8221; _builder_version=&#8221;4.25.0&#8243; _module_preset=&#8221;default&#8221; width=&#8221;50%&#8221; hover_enabled=&#8221;0&#8243; global_colors_info=&#8221;{}&#8221; width_last_edited=&#8221;on|phone&#8221; width_phone=&#8221;100%&#8221; sticky_enabled=&#8221;0&#8243; width_tablet=&#8221;50%&#8221;][\/et_pb_image][\/et_pb_column][\/et_pb_row][\/et_pb_section]<\/p>\n","protected":false},"excerpt":{"rendered":"<p><div class=\"et_pb_module dsm_gradient_text dsm_gradient_text_0 \">\n\t\t\t\t\n\t\t\t\t\n\t\t\t\t\n\t\t\t\t\n\t\t\t\t\n\t\t\t\t\n\t\t\t\t<div class=\"et_pb_module_inner\">\n\t\t\t\t\t<h1 class=\"dsm-gradient-text et_pb_module_header\">EMAGRE\u00c7A EM 14 DIAS<\/h1>\n\t\t\t\t<\/div>\n\t\t\t<\/div><div class=\"et_pb_module dsm_typing_effect dsm_typing_effect_0 et_pb_bg_layout_light \">\n\t\t\t\t\n\t\t\t\t\n\t\t\t\t\n\t\t\t\t\n\t\t\t\t\n\t\t\t\t\n\t\t\t\t<div class=\"et_pb_module_inner\">\n\t\t\t\t\t<h1 class=\"dsm-typing-effect et_pb_module_header\"><span class=\"dsm-typing-wrapper\"><span class=\"dsm-typing-strings\">&#8221;Assista<\/span><span class=\"dsm-typing\" data-dsm-typing-cursor=\"&#8221;\" data-dsm-typing-strings=\"&amp;#8221;Assista\" data-dsm-typing-speed=100ms data-dsm-typing-backspeed=50ms data-dsm-typing-backdelay=700ms data-dsm-typing-loop=true data-dsm-typing-fadeout=false data-dsm-typing-shuffle=false data-dsm-typing-delay=0ms data-dsm-typing-viewport=80% data-dsm-typing-repeat=on><\/span><\/span><\/h1>\n\t\t\t\t<\/div>\n\t\t\t<\/div><\/p>\n","protected":false},"author":1,"featured_media":0,"parent":0,"menu_order":0,"comment_status":"closed","ping_status":"closed","template":"","meta":{"_et_pb_use_builder":"on","_et_pb_old_content":"","_et_gb_content_width":"","footnotes":""},"class_list":["post-8","page","type-page","status-publish","hentry"],"_links":{"self":[{"href":"https:\/\/emagrecedor.wsihost.com.br\/index.php\/wp-json\/wp\/v2\/pages\/8","targetHints":{"allow":["GET"]}}],"collection":[{"href":"https:\/\/emagrecedor.wsihost.com.br\/index.php\/wp-json\/wp\/v2\/pages"}],"about":[{"href":"https:\/\/emagrecedor.wsihost.com.br\/index.php\/wp-json\/wp\/v2\/types\/page"}],"author":[{"embeddable":true,"href":"https:\/\/emagrecedor.wsihost.com.br\/index.php\/wp-json\/wp\/v2\/users\/1"}],"replies":[{"embeddable":true,"href":"https:\/\/emagrecedor.wsihost.com.br\/index.php\/wp-json\/wp\/v2\/comments?post=8"}],"version-history":[{"count":22,"href":"https:\/\/emagrecedor.wsihost.com.br\/index.php\/wp-json\/wp\/v2\/pages\/8\/revisions"}],"predecessor-version":[{"id":47,"href":"https:\/\/emagrecedor.wsihost.com.br\/index.php\/wp-json\/wp\/v2\/pages\/8\/revisions\/47"}],"wp:attachment":[{"href":"https:\/\/emagrecedor.wsihost.com.br\/index.php\/wp-json\/wp\/v2\/media?parent=8"}],"curies":[{"name":"wp","href":"https:\/\/api.w.org\/{rel}","templated":true}]}}